{"id":133,"date":"2024-03-21T09:23:44","date_gmt":"2024-03-21T08:23:44","guid":{"rendered":"https:\/\/dolcevita-poznan.com\/pl\/?post_type=product&#038;p=133"},"modified":"2024-03-21T09:26:19","modified_gmt":"2024-03-21T08:26:19","slug":"colorful-day","status":"publish","type":"product","link":"https:\/\/dolcevita-poznan.com\/pl\/produkt\/colorful-day\/","title":{"rendered":"Kolorowy dzie\u0144"},"content":{"rendered":"<p>Ten wspania\u0142y bukiet mo\u017ce wnie\u015b\u0107 do Twojego domu jasne kolory i radosny nastr\u00f3j. Zawiera r\u00f3\u017cnorodne go\u017adziki jednog\u0142owe i ga\u0142\u0105zkowe uzupe\u0142nione delikatn\u0105 gips\u00f3wk\u0105 i zieleni\u0105, tworz\u0105c wra\u017cenie prawdziwego kwiatowego fajerwerku. Ten bukiet b\u0119dzie wspania\u0142ym prezentem dla tych, kt\u00f3rych cenicie i chcecie zadowoli\u0107 jasnymi emocjami i ciep\u0142em.<\/p>\n<p><em><strong>Liczba kwiat\u00f3w:<\/strong><\/em><\/p>\n<table>\n<tbody>\n<tr>\n<th><strong>Nazwa kwiatu<\/strong><\/th>\n<th><strong>Ilo\u015b\u0107<\/strong><\/th>\n<\/tr>\n<tr>\n<td>Go\u017adzik jednog\u0142owy<\/td>\n<td>7 szt.<\/td>\n<\/tr>\n<tr>\n<td>Go\u017adzik ga\u0142\u0105zkowy<\/td>\n<td>10 szt.<\/td>\n<\/tr>\n<\/tbody>\n<\/table>\n<p>&nbsp;<\/p>\n","protected":false},"excerpt":{"rendered":"<p>Idealny prezent dla Twoich bliskich z 7 go\u017adzik\u00f3w jednog\u0142owych 10 ga\u0142\u0105zkowych.<\/p>\n","protected":false},"featured_media":97,"comment_status":"open","ping_status":"closed","template":"","meta":[],"product_cat":[193],"product_tag":[29,25],"_links":{"self":[{"href":"https:\/\/dolcevita-poznan.com\/pl\/wp-json\/wp\/v2\/product\/133"}],"collection":[{"href":"https:\/\/dolcevita-poznan.com\/pl\/wp-json\/wp\/v2\/product"}],"about":[{"href":"https:\/\/dolcevita-poznan.com\/pl\/wp-json\/wp\/v2\/types\/product"}],"replies":[{"embeddable":true,"href":"https:\/\/dolcevita-poznan.com\/pl\/wp-json\/wp\/v2\/comments?post=133"}],"wp:featuredmedia":[{"embeddable":true,"href":"https:\/\/dolcevita-poznan.com\/pl\/wp-json\/wp\/v2\/media\/97"}],"wp:attachment":[{"href":"https:\/\/dolcevita-poznan.com\/pl\/wp-json\/wp\/v2\/media?parent=133"}],"wp:term":[{"taxonomy":"product_cat","embeddable":true,"href":"https:\/\/dolcevita-poznan.com\/pl\/wp-json\/wp\/v2\/product_cat?post=133"},{"taxonomy":"product_tag","embeddable":true,"href":"https:\/\/dolcevita-poznan.com\/pl\/wp-json\/wp\/v2\/product_tag?post=133"}],"curies":[{"name":"wp","href":"https:\/\/api.w.org\/{rel}","templated":true}]}}