{"id":130,"date":"2024-03-21T09:16:44","date_gmt":"2024-03-21T08:16:44","guid":{"rendered":"https:\/\/dolcevita-poznan.com\/pl\/?post_type=product&#038;p=130"},"modified":"2024-03-21T09:20:04","modified_gmt":"2024-03-21T08:20:04","slug":"composition-sweet-surprise","status":"publish","type":"product","link":"https:\/\/dolcevita-poznan.com\/pl\/produkt\/composition-sweet-surprise\/","title":{"rendered":"S\u0142odka Niespodzianka"},"content":{"rendered":"<p>Ten bukiet jest prawdziwym symbolem uwagi i troski. Pi\u0119knie zebrane kwiaty, starannie u\u0142o\u017cone w pude\u0142ku, b\u0119d\u0105 mi\u0142\u0105 niespodziank\u0105 dla bliskiej Ci osoby. Podaruj t\u0105 kompozycj\u0119, aby stworzy\u0107 niezapomnian\u0105 chwil\u0119 rado\u015bci i zaskoczenia.<\/p>\n","protected":false},"excerpt":{"rendered":"<p>Znak uwagi i troski, uosobienie delikatno\u015bci i wyrafinowania.<\/p>\n","protected":false},"featured_media":86,"comment_status":"open","ping_status":"closed","template":"","meta":[],"product_cat":[193],"product_tag":[32,29,43,24],"_links":{"self":[{"href":"https:\/\/dolcevita-poznan.com\/pl\/wp-json\/wp\/v2\/product\/130"}],"collection":[{"href":"https:\/\/dolcevita-poznan.com\/pl\/wp-json\/wp\/v2\/product"}],"about":[{"href":"https:\/\/dolcevita-poznan.com\/pl\/wp-json\/wp\/v2\/types\/product"}],"replies":[{"embeddable":true,"href":"https:\/\/dolcevita-poznan.com\/pl\/wp-json\/wp\/v2\/comments?post=130"}],"wp:featuredmedia":[{"embeddable":true,"href":"https:\/\/dolcevita-poznan.com\/pl\/wp-json\/wp\/v2\/media\/86"}],"wp:attachment":[{"href":"https:\/\/dolcevita-poznan.com\/pl\/wp-json\/wp\/v2\/media?parent=130"}],"wp:term":[{"taxonomy":"product_cat","embeddable":true,"href":"https:\/\/dolcevita-poznan.com\/pl\/wp-json\/wp\/v2\/product_cat?post=130"},{"taxonomy":"product_tag","embeddable":true,"href":"https:\/\/dolcevita-poznan.com\/pl\/wp-json\/wp\/v2\/product_tag?post=130"}],"curies":[{"name":"wp","href":"https:\/\/api.w.org\/{rel}","templated":true}]}}