{"id":108,"date":"2024-03-21T08:09:44","date_gmt":"2024-03-21T07:09:44","guid":{"rendered":"https:\/\/dolcevita-poznan.com\/pl\/?post_type=product&#038;p=108"},"modified":"2024-03-21T08:11:02","modified_gmt":"2024-03-21T07:11:02","slug":"bouquet-of-colored-tulips","status":"publish","type":"product","link":"https:\/\/dolcevita-poznan.com\/pl\/produkt\/bouquet-of-colored-tulips\/","title":{"rendered":"Kolorowe tulipany"},"content":{"rendered":"<p>Oka\u017c swoj\u0105 trosk\u0119 i uwag\u0119 naszym bukietem kolorowych tulipan\u00f3w &#8211; idealnym prezentem na ka\u017cd\u0105 okazj\u0119. Ten malowniczy zestaw rozbudzi rado\u015b\u0107 i u\u015bmiech, staj\u0105c si\u0119 wspania\u0142ym symbolem Twojej troski i przyja\u017ani. Podaruj ten bukiet, aby podkre\u015bli\u0107 wyj\u0105tkowo\u015b\u0107 chwili i zosta\u0107 zapami\u0119tanym na d\u0142ugo w sercach swoich bliskich.<\/p>\n","protected":false},"excerpt":{"rendered":"<p>O\u017cyw nastr\u00f3j kolorowymi tulipanami.<\/p>\n","protected":false},"featured_media":49,"comment_status":"open","ping_status":"closed","template":"","meta":[],"product_cat":[15],"product_tag":[77,48],"_links":{"self":[{"href":"https:\/\/dolcevita-poznan.com\/pl\/wp-json\/wp\/v2\/product\/108"}],"collection":[{"href":"https:\/\/dolcevita-poznan.com\/pl\/wp-json\/wp\/v2\/product"}],"about":[{"href":"https:\/\/dolcevita-poznan.com\/pl\/wp-json\/wp\/v2\/types\/product"}],"replies":[{"embeddable":true,"href":"https:\/\/dolcevita-poznan.com\/pl\/wp-json\/wp\/v2\/comments?post=108"}],"wp:featuredmedia":[{"embeddable":true,"href":"https:\/\/dolcevita-poznan.com\/pl\/wp-json\/wp\/v2\/media\/49"}],"wp:attachment":[{"href":"https:\/\/dolcevita-poznan.com\/pl\/wp-json\/wp\/v2\/media?parent=108"}],"wp:term":[{"taxonomy":"product_cat","embeddable":true,"href":"https:\/\/dolcevita-poznan.com\/pl\/wp-json\/wp\/v2\/product_cat?post=108"},{"taxonomy":"product_tag","embeddable":true,"href":"https:\/\/dolcevita-poznan.com\/pl\/wp-json\/wp\/v2\/product_tag?post=108"}],"curies":[{"name":"wp","href":"https:\/\/api.w.org\/{rel}","templated":true}]}}