{"id":101,"date":"2024-03-21T07:06:36","date_gmt":"2024-03-21T06:06:36","guid":{"rendered":"https:\/\/dolcevita-poznan.com\/pl\/?post_type=product&#038;p=101"},"modified":"2024-03-21T07:08:38","modified_gmt":"2024-03-21T06:08:38","slug":"pink-blush","status":"publish","type":"product","link":"https:\/\/dolcevita-poznan.com\/pl\/produkt\/pink-blush\/","title":{"rendered":"R\u00f3\u017cowy rumieniec"},"content":{"rendered":"<p>Ciesz si\u0119 luksusem i wyrafinowaniem dzi\u0119ki naszemu koszowi wype\u0142nionemu 35 pi\u0119knymi r\u00f3\u017cami. Ten elegancki zestaw jest idealnym prezentem na specjalne okazje lub po prostu wyrazem mi\u0142o\u015bci i podziwu. Ka\u017cdy p\u0105czek r\u00f3\u017cy niesie zapach delikatno\u015bci i pi\u0119kna, tworz\u0105c imponuj\u0105cy przyk\u0142ad luksusu i stylu. Podaruj ten kosz, aby Tw\u00f3j dzie\u0144 by\u0142 niezapomniany i wyj\u0105tkowy.<\/p>\n","protected":false},"excerpt":{"rendered":"<p>Podaruj luksus i delikatno\u015b\u0107 dzi\u0119ki naszemu koszykowi 35 r\u00f3\u017c.<\/p>\n","protected":false},"featured_media":54,"comment_status":"open","ping_status":"closed","template":"","meta":[],"product_cat":[195],"product_tag":[43],"_links":{"self":[{"href":"https:\/\/dolcevita-poznan.com\/pl\/wp-json\/wp\/v2\/product\/101"}],"collection":[{"href":"https:\/\/dolcevita-poznan.com\/pl\/wp-json\/wp\/v2\/product"}],"about":[{"href":"https:\/\/dolcevita-poznan.com\/pl\/wp-json\/wp\/v2\/types\/product"}],"replies":[{"embeddable":true,"href":"https:\/\/dolcevita-poznan.com\/pl\/wp-json\/wp\/v2\/comments?post=101"}],"wp:featuredmedia":[{"embeddable":true,"href":"https:\/\/dolcevita-poznan.com\/pl\/wp-json\/wp\/v2\/media\/54"}],"wp:attachment":[{"href":"https:\/\/dolcevita-poznan.com\/pl\/wp-json\/wp\/v2\/media?parent=101"}],"wp:term":[{"taxonomy":"product_cat","embeddable":true,"href":"https:\/\/dolcevita-poznan.com\/pl\/wp-json\/wp\/v2\/product_cat?post=101"},{"taxonomy":"product_tag","embeddable":true,"href":"https:\/\/dolcevita-poznan.com\/pl\/wp-json\/wp\/v2\/product_tag?post=101"}],"curies":[{"name":"wp","href":"https:\/\/api.w.org\/{rel}","templated":true}]}}